{"id":4759,"date":"2025-12-24T18:09:38","date_gmt":"2025-12-24T18:09:38","guid":{"rendered":"https:\/\/z-haircare.com\/product\/serum-zhair-care-hydratant-brillance\/"},"modified":"2026-01-16T00:29:31","modified_gmt":"2026-01-16T00:29:31","slug":"serum-zhair-care-hydratant-brillance","status":"publish","type":"product","link":"https:\/\/z-haircare.com\/fr\/produit\/serum-zhair-care-hydratant-brillance\/","title":{"rendered":"S\u00e9rum Zhair Care Hydratant &amp; Brillance"},"content":{"rendered":"<p>Un s\u00e9rum l\u00e9ger et soyeux formul\u00e9 pour hydrater intens\u00e9ment la fibre capillaire, sublimer la brillance et prot\u00e9ger les cheveux au quotidien sans les alourdir.<\/p>","protected":false},"excerpt":{"rendered":"<p>Un s\u00e9rum l\u00e9ger et soyeux formul\u00e9 pour hydrater intens\u00e9ment la fibre capillaire, sublimer la brillance et prot\u00e9ger les cheveux au quotidien sans les alourdir.<\/p>","protected":false},"featured_media":4760,"comment_status":"open","ping_status":"closed","template":"","meta":{"_crdt_document":""},"product_brand":[],"product_cat":[139],"product_tag":[],"class_list":{"0":"post-4759","1":"product","2":"type-product","3":"status-publish","4":"has-post-thumbnail","6":"product_cat-haircare","8":"first","9":"instock","10":"featured","11":"shipping-taxable","12":"purchasable","13":"product-type-simple"},"_links":{"self":[{"href":"https:\/\/z-haircare.com\/fr\/wp-json\/wp\/v2\/product\/4759","targetHints":{"allow":["GET"]}}],"collection":[{"href":"https:\/\/z-haircare.com\/fr\/wp-json\/wp\/v2\/product"}],"about":[{"href":"https:\/\/z-haircare.com\/fr\/wp-json\/wp\/v2\/types\/product"}],"replies":[{"embeddable":true,"href":"https:\/\/z-haircare.com\/fr\/wp-json\/wp\/v2\/comments?post=4759"}],"wp:featuredmedia":[{"embeddable":true,"href":"https:\/\/z-haircare.com\/fr\/wp-json\/wp\/v2\/media\/4760"}],"wp:attachment":[{"href":"https:\/\/z-haircare.com\/fr\/wp-json\/wp\/v2\/media?parent=4759"}],"wp:term":[{"taxonomy":"product_brand","embeddable":true,"href":"https:\/\/z-haircare.com\/fr\/wp-json\/wp\/v2\/product_brand?post=4759"},{"taxonomy":"product_cat","embeddable":true,"href":"https:\/\/z-haircare.com\/fr\/wp-json\/wp\/v2\/product_cat?post=4759"},{"taxonomy":"product_tag","embeddable":true,"href":"https:\/\/z-haircare.com\/fr\/wp-json\/wp\/v2\/product_tag?post=4759"}],"curies":[{"name":"wp","href":"https:\/\/api.w.org\/{rel}","templated":true}]}}