{"id":4757,"date":"2025-12-24T18:08:18","date_gmt":"2025-12-24T18:08:18","guid":{"rendered":"https:\/\/z-haircare.com\/product\/masque-zhair-care-nutrition-reparation\/"},"modified":"2026-01-16T00:29:39","modified_gmt":"2026-01-16T00:29:39","slug":"masque-zhair-care-nutrition-reparation","status":"publish","type":"product","link":"https:\/\/z-haircare.com\/fr\/produit\/masque-zhair-care-nutrition-reparation\/","title":{"rendered":"Masque Zhair Care Nutrition &amp; R\u00e9paration"},"content":{"rendered":"<p>Un masque riche et onctueux qui nourrit intens\u00e9ment la fibre capillaire, r\u00e9pare les longueurs et redonne douceur et vitalit\u00e9 aux cheveux ab\u00eem\u00e9s.<\/p>","protected":false},"excerpt":{"rendered":"<p>Un masque riche et onctueux qui nourrit intens\u00e9ment la fibre capillaire, r\u00e9pare les longueurs et redonne douceur et vitalit\u00e9 aux cheveux ab\u00eem\u00e9s.<\/p>","protected":false},"featured_media":4756,"comment_status":"open","ping_status":"closed","template":"","meta":{"_crdt_document":""},"product_brand":[],"product_cat":[139],"product_tag":[],"class_list":{"0":"post-4757","1":"product","2":"type-product","3":"status-publish","4":"has-post-thumbnail","6":"product_cat-haircare","8":"first","9":"instock","10":"featured","11":"purchasable","12":"product-type-simple"},"_links":{"self":[{"href":"https:\/\/z-haircare.com\/fr\/wp-json\/wp\/v2\/product\/4757","targetHints":{"allow":["GET"]}}],"collection":[{"href":"https:\/\/z-haircare.com\/fr\/wp-json\/wp\/v2\/product"}],"about":[{"href":"https:\/\/z-haircare.com\/fr\/wp-json\/wp\/v2\/types\/product"}],"replies":[{"embeddable":true,"href":"https:\/\/z-haircare.com\/fr\/wp-json\/wp\/v2\/comments?post=4757"}],"wp:featuredmedia":[{"embeddable":true,"href":"https:\/\/z-haircare.com\/fr\/wp-json\/wp\/v2\/media\/4756"}],"wp:attachment":[{"href":"https:\/\/z-haircare.com\/fr\/wp-json\/wp\/v2\/media?parent=4757"}],"wp:term":[{"taxonomy":"product_brand","embeddable":true,"href":"https:\/\/z-haircare.com\/fr\/wp-json\/wp\/v2\/product_brand?post=4757"},{"taxonomy":"product_cat","embeddable":true,"href":"https:\/\/z-haircare.com\/fr\/wp-json\/wp\/v2\/product_cat?post=4757"},{"taxonomy":"product_tag","embeddable":true,"href":"https:\/\/z-haircare.com\/fr\/wp-json\/wp\/v2\/product_tag?post=4757"}],"curies":[{"name":"wp","href":"https:\/\/api.w.org\/{rel}","templated":true}]}}