{"id":4755,"date":"2025-12-24T18:05:39","date_gmt":"2025-12-24T18:05:39","guid":{"rendered":"https:\/\/z-haircare.com\/product\/shampoing-zhair-care-anti-chute-fortifiant\/"},"modified":"2026-01-16T00:29:48","modified_gmt":"2026-01-16T00:29:48","slug":"shampoing-zhair-care-anti-chute-fortifiant","status":"publish","type":"product","link":"https:\/\/z-haircare.com\/fr\/produit\/shampoing-zhair-care-anti-chute-fortifiant\/","title":{"rendered":"Shampoing Zhair Care Anti-chute &amp; Fortifiant"},"content":{"rendered":"<p>Un shampoing doux \u00e0 base d\u2019extraits botaniques, formul\u00e9 pour nettoyer le cuir chevelu en profondeur tout en aidant \u00e0 r\u00e9duire la chute et renforcer les cheveux d\u00e8s la racine.<\/p>","protected":false},"excerpt":{"rendered":"<p>Un shampoing doux \u00e0 base d\u2019extraits botaniques, formul\u00e9 pour nettoyer le cuir chevelu en profondeur tout en aidant \u00e0 r\u00e9duire la chute et renforcer les cheveux d\u00e8s la racine.<\/p>","protected":false},"featured_media":4754,"comment_status":"open","ping_status":"closed","template":"","meta":{"_crdt_document":""},"product_brand":[],"product_cat":[139],"product_tag":[],"class_list":{"0":"post-4755","1":"product","2":"type-product","3":"status-publish","4":"has-post-thumbnail","6":"product_cat-haircare","8":"first","9":"instock","10":"featured","11":"purchasable","12":"product-type-simple"},"_links":{"self":[{"href":"https:\/\/z-haircare.com\/fr\/wp-json\/wp\/v2\/product\/4755","targetHints":{"allow":["GET"]}}],"collection":[{"href":"https:\/\/z-haircare.com\/fr\/wp-json\/wp\/v2\/product"}],"about":[{"href":"https:\/\/z-haircare.com\/fr\/wp-json\/wp\/v2\/types\/product"}],"replies":[{"embeddable":true,"href":"https:\/\/z-haircare.com\/fr\/wp-json\/wp\/v2\/comments?post=4755"}],"wp:featuredmedia":[{"embeddable":true,"href":"https:\/\/z-haircare.com\/fr\/wp-json\/wp\/v2\/media\/4754"}],"wp:attachment":[{"href":"https:\/\/z-haircare.com\/fr\/wp-json\/wp\/v2\/media?parent=4755"}],"wp:term":[{"taxonomy":"product_brand","embeddable":true,"href":"https:\/\/z-haircare.com\/fr\/wp-json\/wp\/v2\/product_brand?post=4755"},{"taxonomy":"product_cat","embeddable":true,"href":"https:\/\/z-haircare.com\/fr\/wp-json\/wp\/v2\/product_cat?post=4755"},{"taxonomy":"product_tag","embeddable":true,"href":"https:\/\/z-haircare.com\/fr\/wp-json\/wp\/v2\/product_tag?post=4755"}],"curies":[{"name":"wp","href":"https:\/\/api.w.org\/{rel}","templated":true}]}}