{"id":4558,"date":"2025-12-16T12:26:03","date_gmt":"2025-12-16T12:26:03","guid":{"rendered":"https:\/\/z-haircare.com\/product\/sidr\/"},"modified":"2026-01-16T00:29:57","modified_gmt":"2026-01-16T00:29:57","slug":"sidr","status":"publish","type":"product","link":"https:\/\/z-haircare.com\/fr\/produit\/sidr\/","title":{"rendered":"Sidr"},"content":{"rendered":"<p>\ud83c\udf3f ZHAIR SIDR POWDER \u2013 Rituel Botanique Anti-Chute<\/p>\n<p>Le Sidr Zhair Care est un rituel capillaire d\u2019exception, \u00e9labor\u00e9 \u00e0 partir d\u2019un m\u00e9lange pr\u00e9cieux d\u2019herbes botaniques anti-chute, avec le sidr comme ingr\u00e9dient phare.<\/p>\n<p>Sa formulation raffin\u00e9e purifie le cuir chevelu en profondeur, renforce la fibre capillaire et aide \u00e0 freiner la chute, tout en respectant l\u2019\u00e9quilibre naturel des cheveux.<\/p>\n<p>Con\u00e7u pour celles qui recherchent une alternative luxueuse et naturelle au shampoing classique, ce soin ancestral revisit\u00e9 permet d\u2019espacer les lavages, de redonner force, l\u00e9g\u00e8ret\u00e9 et vitalit\u00e9 aux cheveux.<\/p>\n<p>\u2714 Convient \u00e0 tous types de cheveux<\/p>\n<p>\u2714 Formule naturelle<\/p>\n<p>\u2714 Sans agents agressifs<\/p>","protected":false},"excerpt":{"rendered":"<p>\ud83c\udf3f ZHAIR SIDR POWDER \u2013 Rituel Botanique Anti-Chute Le Sidr Zhair Care est un rituel capillaire d\u2019exception, \u00e9labor\u00e9 \u00e0 partir d\u2019un m\u00e9lange pr\u00e9cieux d\u2019herbes botaniques anti-chute, avec le sidr comme ingr\u00e9dient phare. Sa formulation raffin\u00e9e purifie le cuir chevelu en profondeur, renforce la fibre capillaire et aide \u00e0 freiner la chute, tout en respectant l\u2019\u00e9quilibre [&hellip;]<\/p>\n","protected":false},"featured_media":4557,"comment_status":"open","ping_status":"closed","template":"","meta":{"_crdt_document":""},"product_brand":[],"product_cat":[139],"product_tag":[],"class_list":{"0":"post-4558","1":"product","2":"type-product","3":"status-publish","4":"has-post-thumbnail","6":"product_cat-haircare","8":"first","9":"instock","10":"featured","11":"shipping-taxable","12":"purchasable","13":"product-type-simple"},"_links":{"self":[{"href":"https:\/\/z-haircare.com\/fr\/wp-json\/wp\/v2\/product\/4558","targetHints":{"allow":["GET"]}}],"collection":[{"href":"https:\/\/z-haircare.com\/fr\/wp-json\/wp\/v2\/product"}],"about":[{"href":"https:\/\/z-haircare.com\/fr\/wp-json\/wp\/v2\/types\/product"}],"replies":[{"embeddable":true,"href":"https:\/\/z-haircare.com\/fr\/wp-json\/wp\/v2\/comments?post=4558"}],"wp:featuredmedia":[{"embeddable":true,"href":"https:\/\/z-haircare.com\/fr\/wp-json\/wp\/v2\/media\/4557"}],"wp:attachment":[{"href":"https:\/\/z-haircare.com\/fr\/wp-json\/wp\/v2\/media?parent=4558"}],"wp:term":[{"taxonomy":"product_brand","embeddable":true,"href":"https:\/\/z-haircare.com\/fr\/wp-json\/wp\/v2\/product_brand?post=4558"},{"taxonomy":"product_cat","embeddable":true,"href":"https:\/\/z-haircare.com\/fr\/wp-json\/wp\/v2\/product_cat?post=4558"},{"taxonomy":"product_tag","embeddable":true,"href":"https:\/\/z-haircare.com\/fr\/wp-json\/wp\/v2\/product_tag?post=4558"}],"curies":[{"name":"wp","href":"https:\/\/api.w.org\/{rel}","templated":true}]}}