{"id":4324,"date":"2024-11-24T21:23:08","date_gmt":"2024-11-24T21:23:08","guid":{"rendered":"https:\/\/z-haircare.com\/?post_type=product&#038;p=4324"},"modified":"2026-02-05T16:10:47","modified_gmt":"2026-02-05T16:10:47","slug":"zhair-spray","status":"publish","type":"product","link":"https:\/\/z-haircare.com\/fr\/produit\/zhair-spray\/","title":{"rendered":"Zhair Spray"},"content":{"rendered":"<p>Le zhair spray Un concentr\u00e9 de nature qui fortifie les cheveux, freine leur chute et aide \u00e0 stimuler la croissance de cheveux existants. Cette formule naturelle et vegan redensifie la chevelure, relance la croissance, et freine la chute. Convient \u00e0 tous types de chutes capillaires. Avec des soins cibl\u00e9s et adapt\u00e9s, la chute de cheveux n\u2019est pas une fatalit\u00e9.<\/p>","protected":false},"excerpt":{"rendered":"<p>Le zhair spray Un concentr\u00e9 de nature qui fortifie les cheveux, freine leur chute et aide \u00e0 stimuler la croissance de cheveux existants. Cette formule naturelle et vegan redensifie la chevelure, relance la croissance, et freine la chute. Convient \u00e0 tous types de chutes capillaires. Avec des soins cibl\u00e9s et adapt\u00e9s, la chute de cheveux [&hellip;]<\/p>\n","protected":false},"featured_media":5282,"comment_status":"open","ping_status":"closed","template":"","meta":{"_crdt_document":""},"product_brand":[],"product_cat":[139],"product_tag":[178,179,180],"class_list":{"0":"post-4324","1":"product","2":"type-product","3":"status-publish","4":"has-post-thumbnail","6":"product_cat-haircare","7":"product_tag-hair","8":"product_tag-haircare","9":"product_tag-hairloss","11":"first","12":"instock","13":"featured","14":"shipping-taxable","15":"purchasable","16":"product-type-simple"},"_links":{"self":[{"href":"https:\/\/z-haircare.com\/fr\/wp-json\/wp\/v2\/product\/4324","targetHints":{"allow":["GET"]}}],"collection":[{"href":"https:\/\/z-haircare.com\/fr\/wp-json\/wp\/v2\/product"}],"about":[{"href":"https:\/\/z-haircare.com\/fr\/wp-json\/wp\/v2\/types\/product"}],"replies":[{"embeddable":true,"href":"https:\/\/z-haircare.com\/fr\/wp-json\/wp\/v2\/comments?post=4324"}],"wp:featuredmedia":[{"embeddable":true,"href":"https:\/\/z-haircare.com\/fr\/wp-json\/wp\/v2\/media\/5282"}],"wp:attachment":[{"href":"https:\/\/z-haircare.com\/fr\/wp-json\/wp\/v2\/media?parent=4324"}],"wp:term":[{"taxonomy":"product_brand","embeddable":true,"href":"https:\/\/z-haircare.com\/fr\/wp-json\/wp\/v2\/product_brand?post=4324"},{"taxonomy":"product_cat","embeddable":true,"href":"https:\/\/z-haircare.com\/fr\/wp-json\/wp\/v2\/product_cat?post=4324"},{"taxonomy":"product_tag","embeddable":true,"href":"https:\/\/z-haircare.com\/fr\/wp-json\/wp\/v2\/product_tag?post=4324"}],"curies":[{"name":"wp","href":"https:\/\/api.w.org\/{rel}","templated":true}]}}