{"id":4322,"date":"2024-11-24T21:14:21","date_gmt":"2024-11-24T21:14:21","guid":{"rendered":"https:\/\/z-haircare.com\/?post_type=product&#038;p=4322"},"modified":"2026-01-23T21:09:07","modified_gmt":"2026-01-23T21:09:07","slug":"zhair-oil-l","status":"publish","type":"product","link":"https:\/\/z-haircare.com\/fr\/produit\/zhair-oil-l\/","title":{"rendered":"Huile Zhair 100ml"},"content":{"rendered":"<p>\ud83c\udf3f ZHAIR OIL \u2013 Huile Botanique Anti-Chute<\/p>\n<p>ZHAIR OIL est une huile capillaire d\u2019exception, con\u00e7ue comme un v\u00e9ritable rituel de soin profond anti-chute.<\/p>\n<p>Sa formule riche, \u00e0 base d\u2019un m\u00e9lange pr\u00e9cieux d\u2019huiles v\u00e9g\u00e9tales et d\u2019extraits botaniques, nourrit intens\u00e9ment le cuir chevelu, renforce les racines et aide \u00e0 ralentir la chute des cheveux.<\/p>\n<p>Utilis\u00e9e en bain d\u2019huile, elle revitalise le cuir chevelu, am\u00e9liore la qualit\u00e9 du cheveu et redonne force, souplesse et brillance, sans alourdir.<\/p>\n<p>Ce n\u2019est pas une huile ordinaire, mais une synergie soigneusement \u00e9quilibr\u00e9e d\u2019huiles nobles et d\u2019actifs naturels, s\u00e9lectionn\u00e9s pour leur efficacit\u00e9 sur la chute, la densit\u00e9 et la vitalit\u00e9 capillaire.<\/p>\n<p>\u2714 Id\u00e9ale pour les cures anti-chute<\/p>\n<p>\u2714 Convient \u00e0 tous types de cheveux<\/p>\n<p>\u2714 Formule naturelle, sans agents agressifs<\/p>\n<p>Conseils d\u2019utilisation :<\/p>\n<p>Appliquer en bain d\u2019huile 1 \u00e0 2 fois par semaine, masser le cuir chevelu et laisser poser 2 heures avant la douche.<\/p>","protected":false},"excerpt":{"rendered":"<p>\ud83c\udf3f ZHAIR OIL \u2013 Huile Botanique Anti-Chute ZHAIR OIL est une huile capillaire d\u2019exception, con\u00e7ue comme un v\u00e9ritable rituel de soin profond anti-chute. Sa formule riche, \u00e0 base d\u2019un m\u00e9lange pr\u00e9cieux d\u2019huiles v\u00e9g\u00e9tales et d\u2019extraits botaniques, nourrit intens\u00e9ment le cuir chevelu, renforce les racines et aide \u00e0 ralentir la chute des cheveux. Utilis\u00e9e en bain [&hellip;]<\/p>\n","protected":false},"featured_media":4467,"comment_status":"open","ping_status":"closed","template":"","meta":{"_crdt_document":""},"product_brand":[],"product_cat":[139],"product_tag":[178,179,180,150],"class_list":{"0":"post-4322","1":"product","2":"type-product","3":"status-publish","4":"has-post-thumbnail","6":"product_cat-haircare","7":"product_tag-hair","8":"product_tag-haircare","9":"product_tag-hairloss","10":"product_tag-oil","12":"first","13":"instock","14":"featured","15":"shipping-taxable","16":"purchasable","17":"product-type-simple"},"_links":{"self":[{"href":"https:\/\/z-haircare.com\/fr\/wp-json\/wp\/v2\/product\/4322","targetHints":{"allow":["GET"]}}],"collection":[{"href":"https:\/\/z-haircare.com\/fr\/wp-json\/wp\/v2\/product"}],"about":[{"href":"https:\/\/z-haircare.com\/fr\/wp-json\/wp\/v2\/types\/product"}],"replies":[{"embeddable":true,"href":"https:\/\/z-haircare.com\/fr\/wp-json\/wp\/v2\/comments?post=4322"}],"wp:featuredmedia":[{"embeddable":true,"href":"https:\/\/z-haircare.com\/fr\/wp-json\/wp\/v2\/media\/4467"}],"wp:attachment":[{"href":"https:\/\/z-haircare.com\/fr\/wp-json\/wp\/v2\/media?parent=4322"}],"wp:term":[{"taxonomy":"product_brand","embeddable":true,"href":"https:\/\/z-haircare.com\/fr\/wp-json\/wp\/v2\/product_brand?post=4322"},{"taxonomy":"product_cat","embeddable":true,"href":"https:\/\/z-haircare.com\/fr\/wp-json\/wp\/v2\/product_cat?post=4322"},{"taxonomy":"product_tag","embeddable":true,"href":"https:\/\/z-haircare.com\/fr\/wp-json\/wp\/v2\/product_tag?post=4322"}],"curies":[{"name":"wp","href":"https:\/\/api.w.org\/{rel}","templated":true}]}}